{"id":12,"date":"2013-03-19T20:20:49","date_gmt":"2013-03-19T19:20:49","guid":{"rendered":"http:\/\/wptest.7alive.de\/?page_id=12"},"modified":"2023-02-26T16:09:32","modified_gmt":"2023-02-26T15:09:32","slug":"home","status":"publish","type":"page","link":"https:\/\/7alive.de\/wp\/","title":{"rendered":"Home"},"content":{"rendered":"<h1 style=\"text-align: center;\"><span style=\"color: #ffcc00;\">Willkommen auf der Homepage von<\/span><\/h1>\n<h1 style=\"text-align: center;\">&nbsp;<img loading=\"lazy\" decoding=\"async\" class=\"alignnone size-full wp-image-364\" src=\"http:\/\/7alive.de\/wp-content\/uploads\/2013\/03\/object418721515.png\" alt=\"object418721515\" width=\"162\" height=\"110\"><\/h1>\n<h3 style=\"text-align: center;\"><span style=\"color: #ffcc00; font-size: 12pt;\">Hier k\u00f6nnt Ihr einiges \u00fcber uns erfahren. Was wir so f\u00fcr Musik machen, wann wir mal wieder auf der B\u00fchne stehen und auch ein wenig pers\u00f6nliches \u00fcber uns.<\/span><\/h3>\n<h3 style=\"text-align: center;\"><span style=\"color: #ffcc00; font-size: 12pt;\">Falls Ihr uns buchen wollt, k\u00f6nnt ihr \u00fcber die <a style=\"color: #ffcc00;\" title=\"Kontakt\" href=\"http:\/\/7alive.de\/kontakt\/\">Kontakt<\/a> Seite Verbindung &nbsp;mit uns aufnehmen.<\/span><\/h3>\n<h3 style=\"text-align: center;\"><span style=\"color: #ffcc00; font-size: 12pt;\">Wir aktualisieren unsere Seite nach und nach. Es lohnt sich daher immer mal wieder hier vorbeizuschauen.<\/span><\/h3>\n<h3 style=\"text-align: center;\"><span style=\"color: #ffcc00; font-size: 12pt;\">\u00dcber einen Eintrag von euch&nbsp;ins <a style=\"color: #ffcc00;\" title=\"G\u00e4stebuch\" href=\"http:\/\/7alive.de\/gastebuch\/\">G\u00e4stebuch<\/a> freuen wir uns sehr.<\/span><\/h3>\n<p style=\"text-align: center;\">&nbsp; <span style=\"color: #000000;\">_<\/span><\/p>\n<h3 style=\"text-align: center;\"><span style=\"color: #ffcc00; font-size: 12pt;\">Eure Band<\/span>&nbsp;<a href=\"http:\/\/7alive.de\/wp-content\/uploads\/2013\/03\/7Alive_RGB_RZ_sehr_klein.png\"><img loading=\"lazy\" decoding=\"async\" class=\"alignnone size-full wp-image-367\" src=\"http:\/\/7alive.de\/wp-content\/uploads\/2013\/03\/7Alive_RGB_RZ_sehr_klein.png\" alt=\"7Alive_RGB_RZ_sehr_klein\" width=\"40\" height=\"27\"><\/a><\/h3>\n<p><\/p>\n<p><\/p>\n<p><\/p>\n\n\n<p><\/p>\n","protected":false},"excerpt":{"rendered":"<p>Willkommen auf der Homepage von &nbsp; Hier k\u00f6nnt Ihr einiges \u00fcber uns erfahren. Was wir so f\u00fcr Musik machen, wann [&hellip;]<\/p>\n","protected":false},"author":1,"featured_media":0,"parent":0,"menu_order":0,"comment_status":"closed","ping_status":"closed","template":"","meta":{"footnotes":""},"class_list":["post-12","page","type-page","status-publish","hentry"],"_links":{"self":[{"href":"https:\/\/7alive.de\/wp\/index.php?rest_route=\/wp\/v2\/pages\/12","targetHints":{"allow":["GET"]}}],"collection":[{"href":"https:\/\/7alive.de\/wp\/index.php?rest_route=\/wp\/v2\/pages"}],"about":[{"href":"https:\/\/7alive.de\/wp\/index.php?rest_route=\/wp\/v2\/types\/page"}],"author":[{"embeddable":true,"href":"https:\/\/7alive.de\/wp\/index.php?rest_route=\/wp\/v2\/users\/1"}],"replies":[{"embeddable":true,"href":"https:\/\/7alive.de\/wp\/index.php?rest_route=%2Fwp%2Fv2%2Fcomments&post=12"}],"version-history":[{"count":28,"href":"https:\/\/7alive.de\/wp\/index.php?rest_route=\/wp\/v2\/pages\/12\/revisions"}],"predecessor-version":[{"id":768,"href":"https:\/\/7alive.de\/wp\/index.php?rest_route=\/wp\/v2\/pages\/12\/revisions\/768"}],"wp:attachment":[{"href":"https:\/\/7alive.de\/wp\/index.php?rest_route=%2Fwp%2Fv2%2Fmedia&parent=12"}],"curies":[{"name":"wp","href":"https:\/\/api.w.org\/{rel}","templated":true}]}}